{"id":2,"date":"2014-10-05T08:11:46","date_gmt":"2014-10-05T08:11:46","guid":{"rendered":"https:\/\/karinas-univers.dk\/?page_id=2"},"modified":"2015-11-15T16:06:34","modified_gmt":"2015-11-15T14:06:34","slug":"sample-page","status":"publish","type":"page","link":"https:\/\/karinas-univers.dk\/?page_id=2","title":{"rendered":"Om Karina&#8217;s Univers"},"content":{"rendered":"<p>Velkommen til Karina&#8217;s Univers!<\/p>\n<p>En blog med fokus p\u00e5 alt det der g\u00f8r hverdagen sk\u00f8n. Om de sm\u00e5 og store unikke stunder i livet.<\/p>\n<p>Om k\u00e6rlighed til min sk\u00f8nne familie.<\/p>\n<p>Om min fork\u00e6rlighed for\u00a0det enkle, nordiske og smukke design til hjemmet.<\/p>\n<p>Om mit syn p\u00e5 og fortolkning af mode til mor og barn.<\/p>\n<p>Jeg hedder Karina og er i 30&#8217;erne. Jeg bor i en muremester villa fra 1926 sammen med min mand og vores b\u00f8rn Kirstine p\u00e5 16 \u00e5r, Anders p\u00e5 12 \u00e5r og Oscar p\u00e5 2 \u00e5r.<\/p>\n<p>Tak, fordi du har lyst til at l\u00e6se med!<\/p>\n<p>&nbsp;<\/p>\n","protected":false},"excerpt":{"rendered":"<p>Velkommen til Karina&#8217;s Univers! En blog med fokus p\u00e5 alt det der g\u00f8r hverdagen sk\u00f8n. Om de sm\u00e5 og store unikke stunder i livet. Om k\u00e6rlighed til min sk\u00f8nne familie. Om min fork\u00e6rlighed for\u00a0det enkle, nordiske og smukke design til hjemmet. Om mit syn p\u00e5 og fortolkning af mode til mor og barn. Jeg hedder [&hellip;]<\/p>\n","protected":false},"author":1,"featured_media":0,"parent":0,"menu_order":0,"comment_status":"open","ping_status":"open","template":"","meta":{"footnotes":""},"class_list":["post-2","page","type-page","status-publish","hentry"],"_links":{"self":[{"href":"https:\/\/karinas-univers.dk\/index.php?rest_route=\/wp\/v2\/pages\/2","targetHints":{"allow":["GET"]}}],"collection":[{"href":"https:\/\/karinas-univers.dk\/index.php?rest_route=\/wp\/v2\/pages"}],"about":[{"href":"https:\/\/karinas-univers.dk\/index.php?rest_route=\/wp\/v2\/types\/page"}],"author":[{"embeddable":true,"href":"https:\/\/karinas-univers.dk\/index.php?rest_route=\/wp\/v2\/users\/1"}],"replies":[{"embeddable":true,"href":"https:\/\/karinas-univers.dk\/index.php?rest_route=%2Fwp%2Fv2%2Fcomments&post=2"}],"version-history":[{"count":5,"href":"https:\/\/karinas-univers.dk\/index.php?rest_route=\/wp\/v2\/pages\/2\/revisions"}],"predecessor-version":[{"id":1138,"href":"https:\/\/karinas-univers.dk\/index.php?rest_route=\/wp\/v2\/pages\/2\/revisions\/1138"}],"wp:attachment":[{"href":"https:\/\/karinas-univers.dk\/index.php?rest_route=%2Fwp%2Fv2%2Fmedia&parent=2"}],"curies":[{"name":"wp","href":"https:\/\/api.w.org\/{rel}","templated":true}]}}